{"id":1303,"date":"2018-10-18T08:29:59","date_gmt":"2018-10-18T06:29:59","guid":{"rendered":"http:\/\/winerun.sk\/chateaurun\/?page_id=1303"},"modified":"2022-11-15T10:40:03","modified_gmt":"2022-11-15T09:40:03","slug":"ubytovanie","status":"publish","type":"page","link":"https:\/\/winerun.sk\/chateaurun\/ubytovanie\/","title":{"rendered":"Ubytovanie"},"content":{"rendered":"<p>Ahoj \u0161portovci\u00a0<span class=\"_47e3 _5mfr\" title=\"wink \u2013 emotikon\"><span class=\"_7oe\" aria-hidden=\"true\">\ud83d\ude09<\/span><\/span><\/p>\n<p>\u0160tartovka prezr\u00e1dza, \u017ee na\u00a0<a href=\"https:\/\/www.facebook.com\/chateaurun\/?__tn__=%2CdK%2AF-R&amp;eid=ARDd0BKLPTJ2HzfpjJOdhf9KwWYvpBAUC45yiQWePNx4fYbwypDjEzCO6wFITlg0hY69bCr-GH0hp3f2\" data-hovercard=\"\/ajax\/hovercard\/page.php?id=1759124697664427&amp;extragetparams=%7B%22__tn__%22%3A%22%2CdK%2AF-R%22%2C%22eid%22%3A%22ARDd0BKLPTJ2HzfpjJOdhf9KwWYvpBAUC45yiQWePNx4fYbwypDjEzCO6wFITlg0hY69bCr-GH0hp3f2%22%2C%22directed_target_id%22%3A200139324080168%2C%22groups_location%22%3Anull%7D\" data-hovercard-prefer-more-content-show=\"1\">Chateau Run Topol\u010dianky<\/a> 2022 sa predstavia be\u017eci z cel\u00e9ho Slovenska. D\u00e1vame do pozornosti zrekon\u0161truovan\u00e9 priestory ubytovne Tatran, ktor\u00e1 sa n\u00e1ch\u00e1dza iba nieko\u013eko krokov od z\u00e1zemia be\u017eeck\u00e9ho podujatia.<\/p>\n<p><a href=\"http:\/\/winerun.sk\/chateaurun\/wp-content\/uploads\/2018\/10\/tatran.jpg\"><img loading=\"lazy\" decoding=\"async\" class=\"alignnone size-full wp-image-1304\" src=\"http:\/\/winerun.sk\/chateaurun\/wp-content\/uploads\/2018\/10\/tatran.jpg\" alt=\"\" width=\"760\" height=\"734\" srcset=\"https:\/\/winerun.sk\/chateaurun\/wp-content\/uploads\/2018\/10\/tatran.jpg 760w, https:\/\/winerun.sk\/chateaurun\/wp-content\/uploads\/2018\/10\/tatran-300x290.jpg 300w\" sizes=\"(max-width: 760px) 100vw, 760px\" \/><\/a><\/p>\n","protected":false},"excerpt":{"rendered":"<p>Ahoj \u0161portovci\u00a0\ud83d\ude09 \u0160tartovka prezr\u00e1dza, \u017ee na\u00a0Chateau Run Topol\u010dianky 2022 sa predstavia be\u017eci z cel\u00e9ho Slovenska. D\u00e1vame do pozornosti zrekon\u0161truovan\u00e9 priestory ubytovne Tatran, ktor\u00e1 sa n\u00e1ch\u00e1dza iba nieko\u013eko krokov od z\u00e1zemia be\u017eeck\u00e9ho podujatia.<\/p>\n","protected":false},"author":1,"featured_media":152,"parent":0,"menu_order":0,"comment_status":"closed","ping_status":"closed","template":"","meta":{"footnotes":""},"class_list":["post-1303","page","type-page","status-publish","has-post-thumbnail","hentry"],"_links":{"self":[{"href":"https:\/\/winerun.sk\/chateaurun\/wp-json\/wp\/v2\/pages\/1303"}],"collection":[{"href":"https:\/\/winerun.sk\/chateaurun\/wp-json\/wp\/v2\/pages"}],"about":[{"href":"https:\/\/winerun.sk\/chateaurun\/wp-json\/wp\/v2\/types\/page"}],"author":[{"embeddable":true,"href":"https:\/\/winerun.sk\/chateaurun\/wp-json\/wp\/v2\/users\/1"}],"replies":[{"embeddable":true,"href":"https:\/\/winerun.sk\/chateaurun\/wp-json\/wp\/v2\/comments?post=1303"}],"version-history":[{"count":3,"href":"https:\/\/winerun.sk\/chateaurun\/wp-json\/wp\/v2\/pages\/1303\/revisions"}],"predecessor-version":[{"id":2538,"href":"https:\/\/winerun.sk\/chateaurun\/wp-json\/wp\/v2\/pages\/1303\/revisions\/2538"}],"wp:featuredmedia":[{"embeddable":true,"href":"https:\/\/winerun.sk\/chateaurun\/wp-json\/wp\/v2\/media\/152"}],"wp:attachment":[{"href":"https:\/\/winerun.sk\/chateaurun\/wp-json\/wp\/v2\/media?parent=1303"}],"curies":[{"name":"wp","href":"https:\/\/api.w.org\/{rel}","templated":true}]}}