{"id":21,"date":"2018-09-28T14:59:06","date_gmt":"2018-09-28T12:59:06","guid":{"rendered":"http:\/\/winerun.sk\/chateaurun\/?page_id=21"},"modified":"2025-11-17T14:50:35","modified_gmt":"2025-11-17T13:50:35","slug":"uvod","status":"publish","type":"page","link":"https:\/\/winerun.sk\/chateaurun\/","title":{"rendered":"\u00davod"},"content":{"rendered":"<p>November je \u010das mlad\u00e9ho v\u00edna, Franc\u00fazi maj\u00fa svoje Beaujolais a my spolu s vin\u00e1rstvom Ch\u00e2teau Topo\u013e\u010dianky pon\u00fakame unik\u00e1tnu kombin\u00e1ciu \u0161portovo \u2013 degusta\u010dn\u00e9ho z\u00e1\u017eitku.<\/p>\n<p>Ch\u00e2teau Run je jedine\u010dn\u00fd jesenn\u00fd beh v Topo\u013e\u010diankach, obci le\u017eiacej v \u00fadol\u00ed rieky \u017ditava, obkolesenej svahmi Pohronsk\u00e9ho Inovca a Tribe\u010dsk\u00e9ho pohoria. N\u00e1jdete tu nielen zn\u00e1my klasicistick\u00fd ka\u0161tie\u013e obkolesen\u00fd rozsiahlym anglick\u00fdm parkom, kedysi prezidentsk\u00e9 s\u00eddlo, dnes historicko-kult\u00farna pamiatka. M\u00e1lokto vie, \u017ee T.G.Masaryk, prv\u00fd \u010deskoslovensk\u00fd prezident, miloval jese\u0148 v Topo\u013e\u010diankach, miesto kde sa sn\u00fabi kr\u00e1sna pr\u00edroda, vin\u00e1rska trad\u00edcia a u\u0161\u013eachtilos\u0165 chovu kon\u00ed. Pr\u00e1ve v\u0161etky tieto atrakcie n\u00e1jdete na trase Ch\u00e2teau Run Topo\u013e\u010dianky.<\/p>\n<h2>Trasy 2025<\/h2>\n<ul>\n<li><strong>8 km z\u00e1\u017eitkov\u00e1 tra\u0165<\/strong><br \/>\nTradi\u010dn\u00e1 trasa vedie zo z\u00e1mku cez z\u00e1mock\u00fd park, popri po\u013eovn\u00edckom z\u00e1mo\u010dku, pozd\u013a\u017e dostihovej dr\u00e1hy, cez lesopark a\u017e k chovn\u00e9mu stredisku \u017dreb\u010d\u00edna a sp\u00e4\u0165 r\u00fdchlym zbehom miestnymi vinicami a bukovou alejou k z\u00e1mku.<\/li>\n<li><strong>16 km trail na Hru\u0161ov<\/strong><br \/>\nPre t\u00fdch, ktor\u00ed chc\u00fa e\u0161te viac v\u00fdh\u013eadov a dobrodru\u017estva, zost\u00e1va trailov\u00e1 lah\u00f4dka so st\u00fapan\u00edm a\u017e k zr\u00facanine hradu Hru\u0161ov a n\u00e1vratom sp\u00e4\u0165.<\/li>\n<li><strong>NOVINKA 2025 \u2013 Wine RUN<\/strong><br \/>\n\u0160peci\u00e1lna \u201elimited edition\u201c kateg\u00f3ria: 8 km beh so 3 v\u00ednnymi zast\u00e1vkami priamo vo viniciach. Na ka\u017edom wine pointe v\u00e1s \u010dak\u00e1 degusta\u010dn\u00fd poh\u00e1rik v\u00edna z Ch\u00e2teau Topo\u013e\u010dianky \u2013 jedine\u010dn\u00e1 kombin\u00e1cia pohybu, vin\u00edc a chut\u00ed.<\/li>\n<\/ul>\n<h2>\u0160tart, cie\u013e a atmosf\u00e9ra<\/h2>\n<p>\u0160tart v\u0161etk\u00fdch behov je oproti impozantn\u00e9mu prie\u010deliu z\u00e1mku. Po dobehu do cie\u013ea sa te\u0161te na v\u00fdborn\u00fd gul\u00e1\u0161ik a n\u00e1sledn\u00fa prehliadku vin\u00e1rstva Ch\u00e2teau Topo\u013e\u010dianky spojen\u00fa s degust\u00e1ciou mlad\u00e9ho v\u00edna. Va\u0161a ka\u017edoro\u010dn\u00e1 #endofseason party, ktor\u00e1 nesmie ch\u00fdba\u0165 v be\u017eeckom kalend\u00e1ri.<\/p>\n<p>Chateau RUN 2025 \u2013 be\u017e, ochutn\u00e1vaj, za\u017ei!<\/p>\n<p>Te\u0161\u00edme sa na V\u00e1s.<\/p>\n","protected":false},"excerpt":{"rendered":"<p>November je \u010das mlad\u00e9ho v\u00edna, Franc\u00fazi maj\u00fa svoje Beaujolais a my spolu s vin\u00e1rstvom Ch\u00e2teau Topo\u013e\u010dianky pon\u00fakame unik\u00e1tnu kombin\u00e1ciu \u0161portovo \u2013 degusta\u010dn\u00e9ho z\u00e1\u017eitku. Ch\u00e2teau Run je jedine\u010dn\u00fd jesenn\u00fd beh v Topo\u013e\u010diankach, obci le\u017eiacej v \u00fadol\u00ed rieky \u017ditava, obkolesenej svahmi Pohronsk\u00e9ho Inovca a Tribe\u010dsk\u00e9ho pohoria. N\u00e1jdete tu nielen zn\u00e1my klasicistick\u00fd ka\u0161tie\u013e obkolesen\u00fd rozsiahlym anglick\u00fdm parkom, kedysi &hellip; <a href=\"https:\/\/winerun.sk\/chateaurun\/\" class=\"more-link\">Pokra\u010dova\u0165 v \u010d\u00edtan\u00ed: <span class=\"screen-reader-text\">\u00davod<\/span><\/a><\/p>\n","protected":false},"author":1,"featured_media":2661,"parent":0,"menu_order":0,"comment_status":"closed","ping_status":"closed","template":"","meta":{"footnotes":""},"class_list":["post-21","page","type-page","status-publish","has-post-thumbnail","hentry"],"_links":{"self":[{"href":"https:\/\/winerun.sk\/chateaurun\/wp-json\/wp\/v2\/pages\/21"}],"collection":[{"href":"https:\/\/winerun.sk\/chateaurun\/wp-json\/wp\/v2\/pages"}],"about":[{"href":"https:\/\/winerun.sk\/chateaurun\/wp-json\/wp\/v2\/types\/page"}],"author":[{"embeddable":true,"href":"https:\/\/winerun.sk\/chateaurun\/wp-json\/wp\/v2\/users\/1"}],"replies":[{"embeddable":true,"href":"https:\/\/winerun.sk\/chateaurun\/wp-json\/wp\/v2\/comments?post=21"}],"version-history":[{"count":2,"href":"https:\/\/winerun.sk\/chateaurun\/wp-json\/wp\/v2\/pages\/21\/revisions"}],"predecessor-version":[{"id":2631,"href":"https:\/\/winerun.sk\/chateaurun\/wp-json\/wp\/v2\/pages\/21\/revisions\/2631"}],"wp:featuredmedia":[{"embeddable":true,"href":"https:\/\/winerun.sk\/chateaurun\/wp-json\/wp\/v2\/media\/2661"}],"wp:attachment":[{"href":"https:\/\/winerun.sk\/chateaurun\/wp-json\/wp\/v2\/media?parent=21"}],"curies":[{"name":"wp","href":"https:\/\/api.w.org\/{rel}","templated":true}]}}