{"id":2646,"date":"2025-11-14T17:27:19","date_gmt":"2025-11-14T16:27:19","guid":{"rendered":"https:\/\/winerun.sk\/chateaurun\/?page_id=2646"},"modified":"2025-11-14T17:50:06","modified_gmt":"2025-11-14T16:50:06","slug":"mapy-behu","status":"publish","type":"page","link":"https:\/\/winerun.sk\/chateaurun\/mapy-behu\/","title":{"rendered":"Mapy Behu"},"content":{"rendered":"\n<div class=\"wp-block-group\"><div class=\"wp-block-group__inner-container is-layout-constrained wp-block-group-is-layout-constrained\">\n<p><strong>8 km beh<\/strong>&nbsp;z\u00e1mock\u00fdm parkom a lesoparkom v Topo\u013e\u010diankach, asfaltov\u00e9 a lesn\u00e9 cesty.<br>Z\u00e1mok \u2013 Z\u00e1mock\u00fd Park \u2013 \u017dreb\u010d\u00edn \u2013 Vinohrad Babylon \u2013 Z\u00e1mock\u00fd Park \u2013 Z\u00e1mok<\/p>\n\n\n\n<p><strong>Ob\u010derstvenie: 2,5 a 6,5 km<br><\/strong><strong>GPS s\u00faradnice \u0160TARTU:<\/strong>&nbsp;N48\u00b025\u201915.4\u2033 E18\u00b024\u201945.8\u2033<\/p>\n<\/div><\/div>\n\n\n<div class=\"strava-embed-placeholder\" data-embed-type=\"route\" data-embed-id=\"3424435121804139286\" data-full-width=\"true\" data-style=\"standard\" data-surface-type=\"true\" data-map-hash=\"11.61\/48.4377\/18.4154\" data-from-embed=\"true\">\u00a0<\/div>\n<p><script src=\"https:\/\/strava-embeds.com\/embed.js\"><\/script><\/p>\n\n\n\n<p><\/p>\n\n\n\n<p><strong>16 km beh<\/strong>&nbsp;z\u00e1mock\u00fdm parkom a lesoparkom v Topo\u013e\u010diankach, asfaltov\u00e9, turistick\u00e9 a lesn\u00e9 cesty.<\/p>\n\n\n\n<p>z\u00e1mok \u2013 z\u00e1mock\u00fd park &#8211; &nbsp; lesopark \u2013 lesn\u00e1 cesta&nbsp; \u2013 \u017ereb\u010d\u00edn \u2013 lesn\u00e1 cesta &#8211;&nbsp; hrad Hru\u0161ov \u2013 \u017ereb\u010d\u00edn \u2013&nbsp; vinohrad babylon \u2013 z\u00e1mock\u00fd park \u2013 z\u00e1mok<br><br><strong>Ob\u010derstvenie: 2,5 \u2013 7,6 \u2013 13 km<br><\/strong><strong>GPS s\u00faradnice \u0160TARTU:<\/strong>&nbsp;N48\u00b025\u201915.4\u2033 E18\u00b024\u201945.8\u2033<\/p>\n\n<div class=\"strava-embed-placeholder\" data-embed-type=\"route\" data-embed-id=\"3424442848939524998\" data-full-width=\"true\" data-style=\"standard\" data-surface-type=\"true\" data-map-hash=\"10.81\/48.4522\/18.4244\" data-from-embed=\"true\">\u00a0<\/div>\n<p><script src=\"https:\/\/strava-embeds.com\/embed.js\"><\/script><\/p>\n<p>\u00a0<\/p>","protected":false},"excerpt":{"rendered":"<p>8 km beh&nbsp;z\u00e1mock\u00fdm parkom a lesoparkom v Topo\u013e\u010diankach, asfaltov\u00e9 a lesn\u00e9 cesty.Z\u00e1mok \u2013 Z\u00e1mock\u00fd Park \u2013 \u017dreb\u010d\u00edn \u2013 Vinohrad Babylon \u2013 Z\u00e1mock\u00fd Park \u2013 Z\u00e1mok Ob\u010derstvenie: 2,5 a 6,5 kmGPS s\u00faradnice \u0160TARTU:&nbsp;N48\u00b025\u201915.4\u2033 E18\u00b024\u201945.8\u2033 \u00a0 16 km beh&nbsp;z\u00e1mock\u00fdm parkom a lesoparkom v Topo\u013e\u010diankach, asfaltov\u00e9, turistick\u00e9 a lesn\u00e9 cesty. z\u00e1mok \u2013 z\u00e1mock\u00fd park &#8211; &nbsp; lesopark \u2013 &hellip; <a href=\"https:\/\/winerun.sk\/chateaurun\/mapy-behu\/\" class=\"more-link\">Pokra\u010dova\u0165 v \u010d\u00edtan\u00ed: <span class=\"screen-reader-text\">Mapy Behu<\/span><\/a><\/p>\n","protected":false},"author":1,"featured_media":0,"parent":0,"menu_order":0,"comment_status":"closed","ping_status":"closed","template":"","meta":{"footnotes":""},"class_list":["post-2646","page","type-page","status-publish","hentry"],"_links":{"self":[{"href":"https:\/\/winerun.sk\/chateaurun\/wp-json\/wp\/v2\/pages\/2646"}],"collection":[{"href":"https:\/\/winerun.sk\/chateaurun\/wp-json\/wp\/v2\/pages"}],"about":[{"href":"https:\/\/winerun.sk\/chateaurun\/wp-json\/wp\/v2\/types\/page"}],"author":[{"embeddable":true,"href":"https:\/\/winerun.sk\/chateaurun\/wp-json\/wp\/v2\/users\/1"}],"replies":[{"embeddable":true,"href":"https:\/\/winerun.sk\/chateaurun\/wp-json\/wp\/v2\/comments?post=2646"}],"version-history":[{"count":8,"href":"https:\/\/winerun.sk\/chateaurun\/wp-json\/wp\/v2\/pages\/2646\/revisions"}],"predecessor-version":[{"id":2658,"href":"https:\/\/winerun.sk\/chateaurun\/wp-json\/wp\/v2\/pages\/2646\/revisions\/2658"}],"wp:attachment":[{"href":"https:\/\/winerun.sk\/chateaurun\/wp-json\/wp\/v2\/media?parent=2646"}],"curies":[{"name":"wp","href":"https:\/\/api.w.org\/{rel}","templated":true}]}}