{"id":99,"date":"2018-09-28T16:37:11","date_gmt":"2018-09-28T14:37:11","guid":{"rendered":"http:\/\/winerun.sk\/chateaurun\/?page_id=99"},"modified":"2018-09-28T19:48:59","modified_gmt":"2018-09-28T17:48:59","slug":"fotogaleria-2016","status":"publish","type":"page","link":"https:\/\/winerun.sk\/chateaurun\/fotogaleria-2016\/","title":{"rendered":"Fotogal\u00e9ria 2016"},"content":{"rendered":"<p>Ve\u013emi ve\u013ea fotografi\u00ed z ro\u010dn\u00edka 2016 n\u00e1jdete na ofici\u00e1lnom FB profile <a href=\"https:\/\/www.facebook.com\/chateaurun\/\">https:\/\/www.facebook.com\/chateaurun\/<\/a><\/p>\n<div id='gallery-1' class='gallery galleryid-99 gallery-columns-3 gallery-size-thumbnail'><figure class='gallery-item'>\n\t\t\t<div class='gallery-icon landscape'>\n\t\t\t\t<a href='https:\/\/winerun.sk\/chateaurun\/wp-content\/uploads\/2018\/09\/15123059_1147522528670062_2626175055690196713_o.jpg'><img loading=\"lazy\" decoding=\"async\" width=\"150\" height=\"150\" src=\"https:\/\/winerun.sk\/chateaurun\/wp-content\/uploads\/2018\/09\/15123059_1147522528670062_2626175055690196713_o-150x150.jpg\" class=\"attachment-thumbnail size-thumbnail\" alt=\"\" \/><\/a>\n\t\t\t<\/div><\/figure><figure class='gallery-item'>\n\t\t\t<div class='gallery-icon landscape'>\n\t\t\t\t<a href='https:\/\/winerun.sk\/chateaurun\/wp-content\/uploads\/2018\/09\/15128873_1145898552165793_7750674539915194619_o.jpg'><img loading=\"lazy\" decoding=\"async\" width=\"150\" height=\"150\" src=\"https:\/\/winerun.sk\/chateaurun\/wp-content\/uploads\/2018\/09\/15128873_1145898552165793_7750674539915194619_o-150x150.jpg\" class=\"attachment-thumbnail size-thumbnail\" alt=\"\" \/><\/a>\n\t\t\t<\/div><\/figure><figure class='gallery-item'>\n\t\t\t<div class='gallery-icon landscape'>\n\t\t\t\t<a href='https:\/\/winerun.sk\/chateaurun\/wp-content\/uploads\/2018\/09\/15129470_1146695735419408_4643072342648852802_o.jpg'><img loading=\"lazy\" decoding=\"async\" width=\"150\" height=\"150\" src=\"https:\/\/winerun.sk\/chateaurun\/wp-content\/uploads\/2018\/09\/15129470_1146695735419408_4643072342648852802_o-150x150.jpg\" class=\"attachment-thumbnail size-thumbnail\" alt=\"\" \/><\/a>\n\t\t\t<\/div><\/figure><figure class='gallery-item'>\n\t\t\t<div class='gallery-icon landscape'>\n\t\t\t\t<a href='https:\/\/winerun.sk\/chateaurun\/wp-content\/uploads\/2018\/09\/15129525_1146695802086068_742190952924860142_o.jpg'><img loading=\"lazy\" decoding=\"async\" width=\"150\" height=\"150\" src=\"https:\/\/winerun.sk\/chateaurun\/wp-content\/uploads\/2018\/09\/15129525_1146695802086068_742190952924860142_o-150x150.jpg\" class=\"attachment-thumbnail size-thumbnail\" alt=\"\" \/><\/a>\n\t\t\t<\/div><\/figure><figure class='gallery-item'>\n\t\t\t<div class='gallery-icon landscape'>\n\t\t\t\t<a href='https:\/\/winerun.sk\/chateaurun\/wp-content\/uploads\/2018\/09\/15129666_1146695815419400_7293477278679306740_o.jpg'><img loading=\"lazy\" decoding=\"async\" width=\"150\" height=\"150\" src=\"https:\/\/winerun.sk\/chateaurun\/wp-content\/uploads\/2018\/09\/15129666_1146695815419400_7293477278679306740_o-150x150.jpg\" class=\"attachment-thumbnail size-thumbnail\" alt=\"\" \/><\/a>\n\t\t\t<\/div><\/figure><figure class='gallery-item'>\n\t\t\t<div class='gallery-icon landscape'>\n\t\t\t\t<a href='https:\/\/winerun.sk\/chateaurun\/wp-content\/uploads\/2018\/09\/15137687_1146666988755616_6003913110194546404_o.jpg'><img loading=\"lazy\" decoding=\"async\" width=\"150\" height=\"150\" src=\"https:\/\/winerun.sk\/chateaurun\/wp-content\/uploads\/2018\/09\/15137687_1146666988755616_6003913110194546404_o-150x150.jpg\" class=\"attachment-thumbnail size-thumbnail\" alt=\"\" \/><\/a>\n\t\t\t<\/div><\/figure><figure class='gallery-item'>\n\t\t\t<div class='gallery-icon landscape'>\n\t\t\t\t<a href='https:\/\/winerun.sk\/chateaurun\/wp-content\/uploads\/2018\/09\/15138437_1147500032005645_1402309196543742916_o.jpg'><img loading=\"lazy\" decoding=\"async\" width=\"150\" height=\"150\" src=\"https:\/\/winerun.sk\/chateaurun\/wp-content\/uploads\/2018\/09\/15138437_1147500032005645_1402309196543742916_o-150x150.jpg\" class=\"attachment-thumbnail size-thumbnail\" alt=\"\" \/><\/a>\n\t\t\t<\/div><\/figure><figure class='gallery-item'>\n\t\t\t<div class='gallery-icon landscape'>\n\t\t\t\t<a href='https:\/\/winerun.sk\/chateaurun\/wp-content\/uploads\/2018\/09\/15138474_1146644538757861_6087764919993314869_o.jpg'><img loading=\"lazy\" decoding=\"async\" width=\"150\" height=\"150\" src=\"https:\/\/winerun.sk\/chateaurun\/wp-content\/uploads\/2018\/09\/15138474_1146644538757861_6087764919993314869_o-150x150.jpg\" class=\"attachment-thumbnail size-thumbnail\" alt=\"\" \/><\/a>\n\t\t\t<\/div><\/figure><figure class='gallery-item'>\n\t\t\t<div class='gallery-icon landscape'>\n\t\t\t\t<a href='https:\/\/winerun.sk\/chateaurun\/wp-content\/uploads\/2018\/09\/15138587_1146644638757851_8162184391624976259_o.jpg'><img loading=\"lazy\" decoding=\"async\" width=\"150\" height=\"150\" src=\"https:\/\/winerun.sk\/chateaurun\/wp-content\/uploads\/2018\/09\/15138587_1146644638757851_8162184391624976259_o-150x150.jpg\" class=\"attachment-thumbnail size-thumbnail\" alt=\"\" \/><\/a>\n\t\t\t<\/div><\/figure><figure class='gallery-item'>\n\t\t\t<div class='gallery-icon landscape'>\n\t\t\t\t<a href='https:\/\/winerun.sk\/chateaurun\/wp-content\/uploads\/2018\/09\/15156787_1145905672165081_5657340729619544698_o.jpg'><img loading=\"lazy\" decoding=\"async\" width=\"150\" height=\"150\" src=\"https:\/\/winerun.sk\/chateaurun\/wp-content\/uploads\/2018\/09\/15156787_1145905672165081_5657340729619544698_o-150x150.jpg\" class=\"attachment-thumbnail size-thumbnail\" alt=\"\" \/><\/a>\n\t\t\t<\/div><\/figure><figure class='gallery-item'>\n\t\t\t<div class='gallery-icon landscape'>\n\t\t\t\t<a href='https:\/\/winerun.sk\/chateaurun\/wp-content\/uploads\/2018\/09\/15167559_1145897732165875_9107214992195998123_o.jpg'><img loading=\"lazy\" decoding=\"async\" width=\"150\" height=\"150\" src=\"https:\/\/winerun.sk\/chateaurun\/wp-content\/uploads\/2018\/09\/15167559_1145897732165875_9107214992195998123_o-150x150.jpg\" class=\"attachment-thumbnail size-thumbnail\" alt=\"\" \/><\/a>\n\t\t\t<\/div><\/figure><figure class='gallery-item'>\n\t\t\t<div class='gallery-icon landscape'>\n\t\t\t\t<a href='https:\/\/winerun.sk\/chateaurun\/wp-content\/uploads\/2018\/09\/15250825_1283700948338319_5602607464934046023_o.jpg'><img loading=\"lazy\" decoding=\"async\" width=\"150\" height=\"150\" src=\"https:\/\/winerun.sk\/chateaurun\/wp-content\/uploads\/2018\/09\/15250825_1283700948338319_5602607464934046023_o-150x150.jpg\" class=\"attachment-thumbnail size-thumbnail\" alt=\"\" \/><\/a>\n\t\t\t<\/div><\/figure><figure class='gallery-item'>\n\t\t\t<div class='gallery-icon landscape'>\n\t\t\t\t<a href='https:\/\/winerun.sk\/chateaurun\/wp-content\/uploads\/2018\/09\/15304486_1283700945004986_1524794894246609076_o.jpg'><img loading=\"lazy\" decoding=\"async\" width=\"150\" height=\"150\" src=\"https:\/\/winerun.sk\/chateaurun\/wp-content\/uploads\/2018\/09\/15304486_1283700945004986_1524794894246609076_o-150x150.jpg\" class=\"attachment-thumbnail size-thumbnail\" alt=\"\" \/><\/a>\n\t\t\t<\/div><\/figure>\n\t\t<\/div>\n\n","protected":false},"excerpt":{"rendered":"<p>Ve\u013emi ve\u013ea fotografi\u00ed z ro\u010dn\u00edka 2016 n\u00e1jdete na ofici\u00e1lnom FB profile https:\/\/www.facebook.com\/chateaurun\/<\/p>\n","protected":false},"author":1,"featured_media":148,"parent":0,"menu_order":0,"comment_status":"closed","ping_status":"closed","template":"","meta":{"footnotes":""},"class_list":["post-99","page","type-page","status-publish","has-post-thumbnail","hentry"],"_links":{"self":[{"href":"https:\/\/winerun.sk\/chateaurun\/wp-json\/wp\/v2\/pages\/99"}],"collection":[{"href":"https:\/\/winerun.sk\/chateaurun\/wp-json\/wp\/v2\/pages"}],"about":[{"href":"https:\/\/winerun.sk\/chateaurun\/wp-json\/wp\/v2\/types\/page"}],"author":[{"embeddable":true,"href":"https:\/\/winerun.sk\/chateaurun\/wp-json\/wp\/v2\/users\/1"}],"replies":[{"embeddable":true,"href":"https:\/\/winerun.sk\/chateaurun\/wp-json\/wp\/v2\/comments?post=99"}],"version-history":[{"count":1,"href":"https:\/\/winerun.sk\/chateaurun\/wp-json\/wp\/v2\/pages\/99\/revisions"}],"predecessor-version":[{"id":113,"href":"https:\/\/winerun.sk\/chateaurun\/wp-json\/wp\/v2\/pages\/99\/revisions\/113"}],"wp:featuredmedia":[{"embeddable":true,"href":"https:\/\/winerun.sk\/chateaurun\/wp-json\/wp\/v2\/media\/148"}],"wp:attachment":[{"href":"https:\/\/winerun.sk\/chateaurun\/wp-json\/wp\/v2\/media?parent=99"}],"curies":[{"name":"wp","href":"https:\/\/api.w.org\/{rel}","templated":true}]}}